{"id":23,"date":"2025-12-26T21:42:57","date_gmt":"2025-12-26T21:42:57","guid":{"rendered":"https:\/\/vesna.cl\/?page_id=23"},"modified":"2026-01-19T19:52:15","modified_gmt":"2026-01-19T19:52:15","slug":"inicio","status":"publish","type":"page","link":"https:\/\/vesna.cl\/index.php\/es\/inicio\/","title":{"rendered":"Inicio"},"content":{"rendered":"\n<p>Resuelvo problemas y desarrollo soluciones en contextos reales, tanto t\u00e9cnicos como pr\u00e1cticos. Trabajo con sistemas, herramientas y proyectos donde no siempre hay condiciones ideales ni respuestas obvias, y donde es necesario observar, decidir y hacerse cargo de que las cosas funcionen de manera estable.<\/p>\n\n\n\n<p><\/p>\n\n\n\n<h4 class=\"wp-block-heading\">Soporte TI y Administraci\u00f3n de Sistemas<\/h4>\n\n\n\n<p>Mi experiencia en TI se ha desarrollado en sistemas complejos en uso continuo, donde comprender el comportamiento global, anticipar efectos secundarios y decidir con criterio es tan importante como resolver el problema inmediato. Me interesa el an\u00e1lisis de fallas, la validaci\u00f3n de cambios y la estabilidad a largo plazo, m\u00e1s que la aplicaci\u00f3n mec\u00e1nica de soluciones.<\/p>\n\n\n\n<h4 class=\"wp-block-heading\">Proyectos y experiencias fuera del \u00e1mbito TI<\/h4>\n\n\n\n<figure class=\"wp-block-image size-full is-resized\"><a href=\"https:\/\/vesna.cl\/index.php\/es\/proyectos-personales\/\"><img loading=\"lazy\" decoding=\"async\" width=\"663\" height=\"442\" src=\"https:\/\/vesna.cl\/wp-content\/uploads\/2026\/01\/Screenshot-2026-01-12-at-21.29.57.png\" alt=\"\" class=\"wp-image-179\" style=\"width:612px;height:auto\" srcset=\"https:\/\/vesna.cl\/wp-content\/uploads\/2026\/01\/Screenshot-2026-01-12-at-21.29.57.png 663w, https:\/\/vesna.cl\/wp-content\/uploads\/2026\/01\/Screenshot-2026-01-12-at-21.29.57-300x200.png 300w\" sizes=\"auto, (max-width: 663px) 100vw, 663px\" \/><\/a><\/figure>\n\n\n\n<p><\/p>\n","protected":false},"excerpt":{"rendered":"<p>Resuelvo problemas y desarrollo soluciones en contextos reales, tanto t\u00e9cnicos como pr\u00e1cticos. Trabajo con sistemas, herramientas y proyectos donde no siempre hay condiciones ideales ni respuestas obvias, y donde es necesario observar, decidir y hacerse cargo de que las cosas funcionen de manera estable. Soporte TI y Administraci\u00f3n de Sistemas Mi experiencia en TI se &#8230; <a title=\"Inicio\" class=\"read-more\" href=\"https:\/\/vesna.cl\/index.php\/es\/inicio\/\" aria-label=\"Read more about Inicio\">Read more<\/a><\/p>\n","protected":false},"author":1,"featured_media":0,"parent":0,"menu_order":0,"comment_status":"closed","ping_status":"closed","template":"","meta":{"_acf_changed":false,"footnotes":""},"class_list":["post-23","page","type-page","status-publish"],"acf":[],"yoast_head":"<!-- This site is optimized with the Yoast SEO plugin v26.7 - https:\/\/yoast.com\/wordpress\/plugins\/seo\/ -->\n<title>Inicio - Vesna Franelich<\/title>\n<meta name=\"description\" content=\"Perfil profesional de Vesna Franelich, especialista en soporte TI y administraci\u00f3n de sistemas, con experiencia en entornos reales y operaci\u00f3n continua.\" \/>\n<meta name=\"robots\" content=\"index, follow, max-snippet:-1, max-image-preview:large, max-video-preview:-1\" \/>\n<link rel=\"canonical\" href=\"https:\/\/vesna.cl\/index.php\/es\/inicio\/\" \/>\n<meta property=\"og:locale\" content=\"en_US\" \/>\n<meta property=\"og:type\" content=\"article\" \/>\n<meta property=\"og:title\" content=\"Inicio - Vesna Franelich\" \/>\n<meta property=\"og:description\" content=\"Perfil profesional de Vesna Franelich, especialista en soporte TI y administraci\u00f3n de sistemas, con experiencia en entornos reales y operaci\u00f3n continua.\" \/>\n<meta property=\"og:url\" content=\"https:\/\/vesna.cl\/index.php\/es\/inicio\/\" \/>\n<meta property=\"og:site_name\" content=\"Vesna Franelich\" \/>\n<meta property=\"article:modified_time\" content=\"2026-01-19T19:52:15+00:00\" \/>\n<meta property=\"og:image\" content=\"https:\/\/vesna.cl\/wp-content\/uploads\/2026\/01\/Screenshot-2026-01-12-at-21.29.57.png\" \/>\n\t<meta property=\"og:image:width\" content=\"663\" \/>\n\t<meta property=\"og:image:height\" content=\"442\" \/>\n\t<meta property=\"og:image:type\" content=\"image\/png\" \/>\n<meta name=\"twitter:card\" content=\"summary_large_image\" \/>\n<meta name=\"twitter:label1\" content=\"Est. reading time\" \/>\n\t<meta name=\"twitter:data1\" content=\"1 minute\" \/>\n<script type=\"application\/ld+json\" class=\"yoast-schema-graph\">{\"@context\":\"https:\/\/schema.org\",\"@graph\":[{\"@type\":\"WebPage\",\"@id\":\"https:\/\/vesna.cl\/index.php\/es\/inicio\/\",\"url\":\"https:\/\/vesna.cl\/index.php\/es\/inicio\/\",\"name\":\"Inicio - Vesna Franelich\",\"isPartOf\":{\"@id\":\"https:\/\/vesna.cl\/#website\"},\"primaryImageOfPage\":{\"@id\":\"https:\/\/vesna.cl\/index.php\/es\/inicio\/#primaryimage\"},\"image\":{\"@id\":\"https:\/\/vesna.cl\/index.php\/es\/inicio\/#primaryimage\"},\"thumbnailUrl\":\"https:\/\/vesna.cl\/wp-content\/uploads\/2026\/01\/Screenshot-2026-01-12-at-21.29.57.png\",\"datePublished\":\"2025-12-26T21:42:57+00:00\",\"dateModified\":\"2026-01-19T19:52:15+00:00\",\"description\":\"Perfil profesional de Vesna Franelich, especialista en soporte TI y administraci\u00f3n de sistemas, con experiencia en entornos reales y operaci\u00f3n continua.\",\"breadcrumb\":{\"@id\":\"https:\/\/vesna.cl\/index.php\/es\/inicio\/#breadcrumb\"},\"inLanguage\":\"en-US\",\"potentialAction\":[{\"@type\":\"ReadAction\",\"target\":[\"https:\/\/vesna.cl\/index.php\/es\/inicio\/\"]}]},{\"@type\":\"ImageObject\",\"inLanguage\":\"en-US\",\"@id\":\"https:\/\/vesna.cl\/index.php\/es\/inicio\/#primaryimage\",\"url\":\"https:\/\/vesna.cl\/wp-content\/uploads\/2026\/01\/Screenshot-2026-01-12-at-21.29.57.png\",\"contentUrl\":\"https:\/\/vesna.cl\/wp-content\/uploads\/2026\/01\/Screenshot-2026-01-12-at-21.29.57.png\",\"width\":663,\"height\":442},{\"@type\":\"BreadcrumbList\",\"@id\":\"https:\/\/vesna.cl\/index.php\/es\/inicio\/#breadcrumb\",\"itemListElement\":[{\"@type\":\"ListItem\",\"position\":1,\"name\":\"Home\",\"item\":\"https:\/\/vesna.cl\/index.php\/es\/inicio\/\"},{\"@type\":\"ListItem\",\"position\":2,\"name\":\"Inicio\"}]},{\"@type\":\"WebSite\",\"@id\":\"https:\/\/vesna.cl\/#website\",\"url\":\"https:\/\/vesna.cl\/\",\"name\":\"Vesna Franelich\",\"description\":\"Especialista en Soporte TI y Administraci\u00f3n de Sistemas\",\"alternateName\":\"Vesna Franelich R\u00edos\",\"potentialAction\":[{\"@type\":\"SearchAction\",\"target\":{\"@type\":\"EntryPoint\",\"urlTemplate\":\"https:\/\/vesna.cl\/?s={search_term_string}\"},\"query-input\":{\"@type\":\"PropertyValueSpecification\",\"valueRequired\":true,\"valueName\":\"search_term_string\"}}],\"inLanguage\":\"en-US\"}]}<\/script>\n<!-- \/ Yoast SEO plugin. -->","yoast_head_json":{"title":"Inicio - Vesna Franelich","description":"Perfil profesional de Vesna Franelich, especialista en soporte TI y administraci\u00f3n de sistemas, con experiencia en entornos reales y operaci\u00f3n continua.","robots":{"index":"index","follow":"follow","max-snippet":"max-snippet:-1","max-image-preview":"max-image-preview:large","max-video-preview":"max-video-preview:-1"},"canonical":"https:\/\/vesna.cl\/index.php\/es\/inicio\/","og_locale":"en_US","og_type":"article","og_title":"Inicio - Vesna Franelich","og_description":"Perfil profesional de Vesna Franelich, especialista en soporte TI y administraci\u00f3n de sistemas, con experiencia en entornos reales y operaci\u00f3n continua.","og_url":"https:\/\/vesna.cl\/index.php\/es\/inicio\/","og_site_name":"Vesna Franelich","article_modified_time":"2026-01-19T19:52:15+00:00","og_image":[{"width":663,"height":442,"url":"https:\/\/vesna.cl\/wp-content\/uploads\/2026\/01\/Screenshot-2026-01-12-at-21.29.57.png","type":"image\/png"}],"twitter_card":"summary_large_image","twitter_misc":{"Est. reading time":"1 minute"},"schema":{"@context":"https:\/\/schema.org","@graph":[{"@type":"WebPage","@id":"https:\/\/vesna.cl\/index.php\/es\/inicio\/","url":"https:\/\/vesna.cl\/index.php\/es\/inicio\/","name":"Inicio - Vesna Franelich","isPartOf":{"@id":"https:\/\/vesna.cl\/#website"},"primaryImageOfPage":{"@id":"https:\/\/vesna.cl\/index.php\/es\/inicio\/#primaryimage"},"image":{"@id":"https:\/\/vesna.cl\/index.php\/es\/inicio\/#primaryimage"},"thumbnailUrl":"https:\/\/vesna.cl\/wp-content\/uploads\/2026\/01\/Screenshot-2026-01-12-at-21.29.57.png","datePublished":"2025-12-26T21:42:57+00:00","dateModified":"2026-01-19T19:52:15+00:00","description":"Perfil profesional de Vesna Franelich, especialista en soporte TI y administraci\u00f3n de sistemas, con experiencia en entornos reales y operaci\u00f3n continua.","breadcrumb":{"@id":"https:\/\/vesna.cl\/index.php\/es\/inicio\/#breadcrumb"},"inLanguage":"en-US","potentialAction":[{"@type":"ReadAction","target":["https:\/\/vesna.cl\/index.php\/es\/inicio\/"]}]},{"@type":"ImageObject","inLanguage":"en-US","@id":"https:\/\/vesna.cl\/index.php\/es\/inicio\/#primaryimage","url":"https:\/\/vesna.cl\/wp-content\/uploads\/2026\/01\/Screenshot-2026-01-12-at-21.29.57.png","contentUrl":"https:\/\/vesna.cl\/wp-content\/uploads\/2026\/01\/Screenshot-2026-01-12-at-21.29.57.png","width":663,"height":442},{"@type":"BreadcrumbList","@id":"https:\/\/vesna.cl\/index.php\/es\/inicio\/#breadcrumb","itemListElement":[{"@type":"ListItem","position":1,"name":"Home","item":"https:\/\/vesna.cl\/index.php\/es\/inicio\/"},{"@type":"ListItem","position":2,"name":"Inicio"}]},{"@type":"WebSite","@id":"https:\/\/vesna.cl\/#website","url":"https:\/\/vesna.cl\/","name":"Vesna Franelich","description":"Especialista en Soporte TI y Administraci\u00f3n de Sistemas","alternateName":"Vesna Franelich R\u00edos","potentialAction":[{"@type":"SearchAction","target":{"@type":"EntryPoint","urlTemplate":"https:\/\/vesna.cl\/?s={search_term_string}"},"query-input":{"@type":"PropertyValueSpecification","valueRequired":true,"valueName":"search_term_string"}}],"inLanguage":"en-US"}]}},"_links":{"self":[{"href":"https:\/\/vesna.cl\/index.php\/wp-json\/wp\/v2\/pages\/23","targetHints":{"allow":["GET"]}}],"collection":[{"href":"https:\/\/vesna.cl\/index.php\/wp-json\/wp\/v2\/pages"}],"about":[{"href":"https:\/\/vesna.cl\/index.php\/wp-json\/wp\/v2\/types\/page"}],"author":[{"embeddable":true,"href":"https:\/\/vesna.cl\/index.php\/wp-json\/wp\/v2\/users\/1"}],"replies":[{"embeddable":true,"href":"https:\/\/vesna.cl\/index.php\/wp-json\/wp\/v2\/comments?post=23"}],"version-history":[{"count":19,"href":"https:\/\/vesna.cl\/index.php\/wp-json\/wp\/v2\/pages\/23\/revisions"}],"predecessor-version":[{"id":210,"href":"https:\/\/vesna.cl\/index.php\/wp-json\/wp\/v2\/pages\/23\/revisions\/210"}],"wp:attachment":[{"href":"https:\/\/vesna.cl\/index.php\/wp-json\/wp\/v2\/media?parent=23"}],"curies":[{"name":"wp","href":"https:\/\/api.w.org\/{rel}","templated":true}]}}