{"id":59,"date":"2025-12-27T02:59:42","date_gmt":"2025-12-27T02:59:42","guid":{"rendered":"https:\/\/vesna.cl\/?page_id=59"},"modified":"2026-01-21T23:58:27","modified_gmt":"2026-01-21T23:58:27","slug":"perfil","status":"publish","type":"page","link":"https:\/\/vesna.cl\/index.php\/es\/perfil\/","title":{"rendered":"Perfil"},"content":{"rendered":"\n<div class=\"wp-block-columns is-layout-flex wp-container-core-columns-is-layout-9d6595d7 wp-block-columns-is-layout-flex\">\n<div class=\"wp-block-column is-layout-flow wp-block-column-is-layout-flow\" style=\"flex-basis:55%\">\n<p>Me interesa comprender los problemas m\u00e1s all\u00e1 del s\u00edntoma inmediato: c\u00f3mo se comportan los sistemas, c\u00f3mo interact\u00faan las personas con ellos y qu\u00e9 consecuencias tienen las decisiones t\u00e9cnicas que se toman.<\/p>\n\n\n\n<p>He trabajado tomando decisiones con informaci\u00f3n incompleta, evaluando riesgos y efectos a mediano plazo. Cuando es necesario actuar r\u00e1pido, lo hago, pero sin perder de vista que una soluci\u00f3n apresurada puede generar problemas mayores despu\u00e9s.<\/p>\n\n\n\n<p>Trabajo mejor en entornos donde se valora el criterio t\u00e9cnico y la responsabilidad sobre lo que se toca, evitando parches, improvisaciones y cambios sin fundamento.<\/p>\n\n\n\n<p><\/p>\n<\/div>\n\n\n\n<div class=\"wp-block-column is-layout-flow wp-block-column-is-layout-flow\" style=\"flex-basis:45%\">\n<figure class=\"wp-block-image size-full is-resized\"><img loading=\"lazy\" decoding=\"async\" width=\"306\" height=\"214\" src=\"https:\/\/vesna.cl\/wp-content\/uploads\/2026\/01\/Screenshot-2026-01-12-at-22.40.38.png\" alt=\"\" class=\"wp-image-183\" style=\"aspect-ratio:1.4299243485570188;width:399px;height:auto\" srcset=\"https:\/\/vesna.cl\/wp-content\/uploads\/2026\/01\/Screenshot-2026-01-12-at-22.40.38.png 306w, https:\/\/vesna.cl\/wp-content\/uploads\/2026\/01\/Screenshot-2026-01-12-at-22.40.38-300x210.png 300w\" sizes=\"auto, (max-width: 306px) 100vw, 306px\" \/><\/figure>\n<\/div>\n<\/div>\n","protected":false},"excerpt":{"rendered":"<p>Me interesa comprender los problemas m\u00e1s all\u00e1 del s\u00edntoma inmediato: c\u00f3mo se comportan los sistemas, c\u00f3mo interact\u00faan las personas con ellos y qu\u00e9 consecuencias tienen las decisiones t\u00e9cnicas que se toman. He trabajado tomando decisiones con informaci\u00f3n incompleta, evaluando riesgos y efectos a mediano plazo. Cuando es necesario actuar r\u00e1pido, lo hago, pero sin perder &#8230; <a title=\"Perfil\" class=\"read-more\" href=\"https:\/\/vesna.cl\/index.php\/es\/perfil\/\" aria-label=\"Read more about Perfil\">Read more<\/a><\/p>\n","protected":false},"author":1,"featured_media":0,"parent":0,"menu_order":0,"comment_status":"closed","ping_status":"closed","template":"","meta":{"_acf_changed":false,"footnotes":""},"class_list":["post-59","page","type-page","status-publish"],"acf":[],"yoast_head":"<!-- This site is optimized with the Yoast SEO plugin v26.7 - https:\/\/yoast.com\/wordpress\/plugins\/seo\/ -->\n<title>Perfil - Vesna Franelich<\/title>\n<meta name=\"description\" content=\"Perfil t\u00e9cnico de Vesna Franelich. Forma de trabajo, criterio profesional y enfoque en an\u00e1lisis, validaci\u00f3n y mejora de sistemas.\" \/>\n<meta name=\"robots\" content=\"index, follow, max-snippet:-1, max-image-preview:large, max-video-preview:-1\" \/>\n<link rel=\"canonical\" href=\"https:\/\/vesna.cl\/index.php\/es\/perfil\/\" \/>\n<meta property=\"og:locale\" content=\"en_US\" \/>\n<meta property=\"og:type\" content=\"article\" \/>\n<meta property=\"og:title\" content=\"Perfil - Vesna Franelich\" \/>\n<meta property=\"og:description\" content=\"Perfil t\u00e9cnico de Vesna Franelich. Forma de trabajo, criterio profesional y enfoque en an\u00e1lisis, validaci\u00f3n y mejora de sistemas.\" \/>\n<meta property=\"og:url\" content=\"https:\/\/vesna.cl\/index.php\/es\/perfil\/\" \/>\n<meta property=\"og:site_name\" content=\"Vesna Franelich\" \/>\n<meta property=\"article:modified_time\" content=\"2026-01-21T23:58:27+00:00\" \/>\n<meta property=\"og:image\" content=\"https:\/\/vesna.cl\/wp-content\/uploads\/2026\/01\/Screenshot-2026-01-12-at-22.40.38.png\" \/>\n\t<meta property=\"og:image:width\" content=\"306\" \/>\n\t<meta property=\"og:image:height\" content=\"214\" \/>\n\t<meta property=\"og:image:type\" content=\"image\/png\" \/>\n<meta name=\"twitter:card\" content=\"summary_large_image\" \/>\n<meta name=\"twitter:label1\" content=\"Est. reading time\" \/>\n\t<meta name=\"twitter:data1\" content=\"1 minute\" \/>\n<script type=\"application\/ld+json\" class=\"yoast-schema-graph\">{\"@context\":\"https:\/\/schema.org\",\"@graph\":[{\"@type\":\"WebPage\",\"@id\":\"https:\/\/vesna.cl\/index.php\/es\/perfil\/\",\"url\":\"https:\/\/vesna.cl\/index.php\/es\/perfil\/\",\"name\":\"Perfil - Vesna Franelich\",\"isPartOf\":{\"@id\":\"https:\/\/vesna.cl\/#website\"},\"primaryImageOfPage\":{\"@id\":\"https:\/\/vesna.cl\/index.php\/es\/perfil\/#primaryimage\"},\"image\":{\"@id\":\"https:\/\/vesna.cl\/index.php\/es\/perfil\/#primaryimage\"},\"thumbnailUrl\":\"https:\/\/vesna.cl\/wp-content\/uploads\/2026\/01\/Screenshot-2026-01-12-at-22.40.38.png\",\"datePublished\":\"2025-12-27T02:59:42+00:00\",\"dateModified\":\"2026-01-21T23:58:27+00:00\",\"description\":\"Perfil t\u00e9cnico de Vesna Franelich. Forma de trabajo, criterio profesional y enfoque en an\u00e1lisis, validaci\u00f3n y mejora de sistemas.\",\"breadcrumb\":{\"@id\":\"https:\/\/vesna.cl\/index.php\/es\/perfil\/#breadcrumb\"},\"inLanguage\":\"en-US\",\"potentialAction\":[{\"@type\":\"ReadAction\",\"target\":[\"https:\/\/vesna.cl\/index.php\/es\/perfil\/\"]}]},{\"@type\":\"ImageObject\",\"inLanguage\":\"en-US\",\"@id\":\"https:\/\/vesna.cl\/index.php\/es\/perfil\/#primaryimage\",\"url\":\"https:\/\/vesna.cl\/wp-content\/uploads\/2026\/01\/Screenshot-2026-01-12-at-22.40.38.png\",\"contentUrl\":\"https:\/\/vesna.cl\/wp-content\/uploads\/2026\/01\/Screenshot-2026-01-12-at-22.40.38.png\",\"width\":306,\"height\":214},{\"@type\":\"BreadcrumbList\",\"@id\":\"https:\/\/vesna.cl\/index.php\/es\/perfil\/#breadcrumb\",\"itemListElement\":[{\"@type\":\"ListItem\",\"position\":1,\"name\":\"Home\",\"item\":\"https:\/\/vesna.cl\/index.php\/es\/inicio\/\"},{\"@type\":\"ListItem\",\"position\":2,\"name\":\"Perfil\"}]},{\"@type\":\"WebSite\",\"@id\":\"https:\/\/vesna.cl\/#website\",\"url\":\"https:\/\/vesna.cl\/\",\"name\":\"Vesna Franelich\",\"description\":\"Especialista en Soporte TI y Administraci\u00f3n de Sistemas\",\"alternateName\":\"Vesna Franelich R\u00edos\",\"potentialAction\":[{\"@type\":\"SearchAction\",\"target\":{\"@type\":\"EntryPoint\",\"urlTemplate\":\"https:\/\/vesna.cl\/?s={search_term_string}\"},\"query-input\":{\"@type\":\"PropertyValueSpecification\",\"valueRequired\":true,\"valueName\":\"search_term_string\"}}],\"inLanguage\":\"en-US\"}]}<\/script>\n<!-- \/ Yoast SEO plugin. -->","yoast_head_json":{"title":"Perfil - Vesna Franelich","description":"Perfil t\u00e9cnico de Vesna Franelich. Forma de trabajo, criterio profesional y enfoque en an\u00e1lisis, validaci\u00f3n y mejora de sistemas.","robots":{"index":"index","follow":"follow","max-snippet":"max-snippet:-1","max-image-preview":"max-image-preview:large","max-video-preview":"max-video-preview:-1"},"canonical":"https:\/\/vesna.cl\/index.php\/es\/perfil\/","og_locale":"en_US","og_type":"article","og_title":"Perfil - Vesna Franelich","og_description":"Perfil t\u00e9cnico de Vesna Franelich. Forma de trabajo, criterio profesional y enfoque en an\u00e1lisis, validaci\u00f3n y mejora de sistemas.","og_url":"https:\/\/vesna.cl\/index.php\/es\/perfil\/","og_site_name":"Vesna Franelich","article_modified_time":"2026-01-21T23:58:27+00:00","og_image":[{"width":306,"height":214,"url":"https:\/\/vesna.cl\/wp-content\/uploads\/2026\/01\/Screenshot-2026-01-12-at-22.40.38.png","type":"image\/png"}],"twitter_card":"summary_large_image","twitter_misc":{"Est. reading time":"1 minute"},"schema":{"@context":"https:\/\/schema.org","@graph":[{"@type":"WebPage","@id":"https:\/\/vesna.cl\/index.php\/es\/perfil\/","url":"https:\/\/vesna.cl\/index.php\/es\/perfil\/","name":"Perfil - Vesna Franelich","isPartOf":{"@id":"https:\/\/vesna.cl\/#website"},"primaryImageOfPage":{"@id":"https:\/\/vesna.cl\/index.php\/es\/perfil\/#primaryimage"},"image":{"@id":"https:\/\/vesna.cl\/index.php\/es\/perfil\/#primaryimage"},"thumbnailUrl":"https:\/\/vesna.cl\/wp-content\/uploads\/2026\/01\/Screenshot-2026-01-12-at-22.40.38.png","datePublished":"2025-12-27T02:59:42+00:00","dateModified":"2026-01-21T23:58:27+00:00","description":"Perfil t\u00e9cnico de Vesna Franelich. Forma de trabajo, criterio profesional y enfoque en an\u00e1lisis, validaci\u00f3n y mejora de sistemas.","breadcrumb":{"@id":"https:\/\/vesna.cl\/index.php\/es\/perfil\/#breadcrumb"},"inLanguage":"en-US","potentialAction":[{"@type":"ReadAction","target":["https:\/\/vesna.cl\/index.php\/es\/perfil\/"]}]},{"@type":"ImageObject","inLanguage":"en-US","@id":"https:\/\/vesna.cl\/index.php\/es\/perfil\/#primaryimage","url":"https:\/\/vesna.cl\/wp-content\/uploads\/2026\/01\/Screenshot-2026-01-12-at-22.40.38.png","contentUrl":"https:\/\/vesna.cl\/wp-content\/uploads\/2026\/01\/Screenshot-2026-01-12-at-22.40.38.png","width":306,"height":214},{"@type":"BreadcrumbList","@id":"https:\/\/vesna.cl\/index.php\/es\/perfil\/#breadcrumb","itemListElement":[{"@type":"ListItem","position":1,"name":"Home","item":"https:\/\/vesna.cl\/index.php\/es\/inicio\/"},{"@type":"ListItem","position":2,"name":"Perfil"}]},{"@type":"WebSite","@id":"https:\/\/vesna.cl\/#website","url":"https:\/\/vesna.cl\/","name":"Vesna Franelich","description":"Especialista en Soporte TI y Administraci\u00f3n de Sistemas","alternateName":"Vesna Franelich R\u00edos","potentialAction":[{"@type":"SearchAction","target":{"@type":"EntryPoint","urlTemplate":"https:\/\/vesna.cl\/?s={search_term_string}"},"query-input":{"@type":"PropertyValueSpecification","valueRequired":true,"valueName":"search_term_string"}}],"inLanguage":"en-US"}]}},"_links":{"self":[{"href":"https:\/\/vesna.cl\/index.php\/wp-json\/wp\/v2\/pages\/59","targetHints":{"allow":["GET"]}}],"collection":[{"href":"https:\/\/vesna.cl\/index.php\/wp-json\/wp\/v2\/pages"}],"about":[{"href":"https:\/\/vesna.cl\/index.php\/wp-json\/wp\/v2\/types\/page"}],"author":[{"embeddable":true,"href":"https:\/\/vesna.cl\/index.php\/wp-json\/wp\/v2\/users\/1"}],"replies":[{"embeddable":true,"href":"https:\/\/vesna.cl\/index.php\/wp-json\/wp\/v2\/comments?post=59"}],"version-history":[{"count":17,"href":"https:\/\/vesna.cl\/index.php\/wp-json\/wp\/v2\/pages\/59\/revisions"}],"predecessor-version":[{"id":258,"href":"https:\/\/vesna.cl\/index.php\/wp-json\/wp\/v2\/pages\/59\/revisions\/258"}],"wp:attachment":[{"href":"https:\/\/vesna.cl\/index.php\/wp-json\/wp\/v2\/media?parent=59"}],"curies":[{"name":"wp","href":"https:\/\/api.w.org\/{rel}","templated":true}]}}